{"id":374,"date":"2008-03-27T20:36:31","date_gmt":"2008-03-27T20:36:31","guid":{"rendered":"http:\/\/xpantispy.org\/xpas-ng\/graffiti\/"},"modified":"2011-09-25T18:17:03","modified_gmt":"2011-09-25T18:17:03","slug":"graffiti","status":"publish","type":"page","link":"https:\/\/xp-antispy.org\/en\/graffiti\/","title":{"rendered":"Graffiti"},"content":{"rendered":"<p><\/p>\n<div style=\"text-align: center\"><img src=\"http:\/\/xp-antispy.org\/wp-content\/themes\/twentyten\/images\/stories\/xp-antispy\/graffiti\/graffiti.gif\" border=\"0\" \/><\/div>\n<div style=\"text-align: center\">\n<p align=\"center\">_Im Jahre &#8217;89 begann auch bei mir die Zeit wo man auf jede   erdenkliche<br \/>\n         Weise gegen diese Gesellschaft und ihre d&auml;mlichen Regeln protestieren wollte.<br \/>\n        <br \/>Also zog ich mit nem gut gef\u00fcllten Wasserfesten Marker   und ein paar Freunden<br \/>los um die Gegend unsicher zu machen. Nach einigen   Problemen mit der Polizei<br \/>liess ich diese Protestaktionen dann doch sein.   Stattdessen besch\u00e4ftigte ich mich<br \/>\n        damit was f&uuml;r ein fantastisches Werkzeug doch eine Spr&uuml;hdose sein kann. Ich begann<br \/>\n        <br \/>als kr\u00e4ftig zu \u00fcben und wurde auch   zusehens besser. Der h\u00f6hepunkt meiner &#8216;Karriere&#8217;<br \/>war wohl der Auftrag f\u00fcr das   Autohaus Opel Hetzer zusammen mit 3 Freunden eine<br \/>\n        ca. 22x14Meter grosse H&auml;userwand zu gestalten. Meine Neigung zum Graffiti brachte<br \/>\n        <br \/>mich sogar   zweimal nach Los Angeles im Rahmen eines Jugendaustausches.<br \/>Von Ausstellungen   \u00fcber Wettbewerbe bis hin zu Auftragsarbeiten hatte ich <br \/>\n        alles gemacht. Aber das einzige was wirklich in dieser Zeit z&auml;hlte, war das ich<br \/>\n        <br \/>\n        meinen Spass oder meine &#039;Erf&uuml;llung&#039; dei den Sachen hatte die ich so machte. Na ja, so ein<br \/>\n        <br \/>\n        paar gedanken das so was wie &#039;Fame&#039; in der Szene wichtig ware hatte ich zwar auch,<br \/>\n        <br \/>aber das geh\u00f6rt nunmal auch zu erwachsenwerden.<\/p>\n<p align=\"center\">Mein letztes &#8216;Piece&#8217; machte ich im Jahre 1996, danach griff ich   nur noch ab und zu zum<br \/>Airbrush und Gestaltete diverse Weihnachts oder   Geburtstagsgeschenke \ud83d\ude09<br \/>Das war dann der Zeitpunk an dem ich meine Neigung   zur selbsgemachten Musik entdeckte.<br \/>Meinen musikalische Verbrechen kannst du   in der Kategorie <a href=\"content\/view\/20\/52\/lang,de\/\">Musik<\/a> lauschen.<\/p>\n<p align=\"center\">\n        Folgend jetzt noch ein paar Ausgew&auml;hlte Arbeiten aus meiner Umfassenden Sammlung\n    <\/p>\n<p align=\"center\">Galerie <\/p>\n<\/p><\/div>\n<p><\/p>","protected":false},"excerpt":{"rendered":"<p>_Im Jahre &#8217;89 begann auch bei mir die Zeit wo man auf jede erdenkliche Weise gegen diese Gesellschaft und ihre d&auml;mlichen Regeln protestieren wollte. Also zog ich mit nem gut gef\u00fcllten Wasserfesten Marker und ein paar Freundenlos um die Gegend &hellip; <a href=\"https:\/\/xp-antispy.org\/en\/graffiti\/\">Continue reading <span class=\"meta-nav\">&rarr;<\/span><\/a><\/p>\n","protected":false},"author":1,"featured_media":0,"parent":0,"menu_order":0,"comment_status":"open","ping_status":"open","template":"","meta":[],"_links":{"self":[{"href":"https:\/\/xp-antispy.org\/en\/wp-json\/wp\/v2\/pages\/374"}],"collection":[{"href":"https:\/\/xp-antispy.org\/en\/wp-json\/wp\/v2\/pages"}],"about":[{"href":"https:\/\/xp-antispy.org\/en\/wp-json\/wp\/v2\/types\/page"}],"author":[{"embeddable":true,"href":"https:\/\/xp-antispy.org\/en\/wp-json\/wp\/v2\/users\/1"}],"replies":[{"embeddable":true,"href":"https:\/\/xp-antispy.org\/en\/wp-json\/wp\/v2\/comments?post=374"}],"version-history":[{"count":9,"href":"https:\/\/xp-antispy.org\/en\/wp-json\/wp\/v2\/pages\/374\/revisions"}],"predecessor-version":[{"id":667,"href":"https:\/\/xp-antispy.org\/en\/wp-json\/wp\/v2\/pages\/374\/revisions\/667"}],"wp:attachment":[{"href":"https:\/\/xp-antispy.org\/en\/wp-json\/wp\/v2\/media?parent=374"}],"curies":[{"name":"wp","href":"https:\/\/api.w.org\/{rel}","templated":true}]}}